{"id":80,"date":"2024-09-14T20:20:38","date_gmt":"2024-09-14T23:20:38","guid":{"rendered":"http:\/\/mac.fcaglp.unlp.edu.ar\/?page_id=80"},"modified":"2024-12-03T20:27:36","modified_gmt":"2024-12-03T23:27:36","slug":"integrantes","status":"publish","type":"page","link":"http:\/\/mac.fcaglp.unlp.edu.ar\/index.php\/integrantes\/","title":{"rendered":"Integrantes"},"content":{"rendered":"\n<p>ARNAL, Edmundo Marcelo (FCAG-UNLP)<\/p>\n\n\n\n<p>BAUME, Gustavo Luis (FCAG-UNLP-IALP-CONICET)<\/p>\n\n\n\n<p><img decoding=\"async\" class=\"wp-image-139\" style=\"width: NaNpx;\" src=\"http:\/\/mac.fcaglp.unlp.edu.ar\/wp-content\/uploads\/2024\/09\/CV_BBRavo_2024-2.pdf\" alt=\"\"><a href=\"http:\/\/mac.fcaglp.unlp.edu.ar\/wp-content\/uploads\/2024\/09\/CV_BBRavo_2024-2.pdf\">BRAVO, Bettina Mariel<\/a><img decoding=\"async\" class=\"wp-image-138\" style=\"width: NaNpx;\" src=\"http:\/\/mac.fcaglp.unlp.edu.ar\/wp-content\/uploads\/2024\/09\/CV_BBRavo_2024-1.pdf\" alt=\"\"> (UNCPBA-CONICET)<\/p>\n\n\n\n<p><a href=\"http:\/\/mac.fcaglp.unlp.edu.ar\/wp-content\/uploads\/2024\/09\/CV_MarielaCorti_2024.pdf\" target=\"_blank\" rel=\"noreferrer noopener\">CORTI, Mariela Alejandra<\/a> (FCAG-IAR-UNLP-CONICET)<\/p>\n\n\n\n<p><a href=\"http:\/\/mac.fcaglp.unlp.edu.ar\/wp-content\/uploads\/2024\/09\/CV-CamilaDamiaRincon.pdf\">DAMIA RINC\u00d3N, Camila<\/a><img decoding=\"async\" class=\"wp-image-109\" style=\"width: NaNpx;\" src=\"http:\/\/mac.fcaglp.unlp.edu.ar\/wp-content\/uploads\/2024\/09\/CV-CamilaDamiaRincon.pdf\" alt=\"\"> (FCAG-UNLP)<\/p>\n\n\n\n<p><a href=\"http:\/\/mac.fcaglp.unlp.edu.ar\/wp-content\/uploads\/2024\/09\/cv_debiasi_jul24-1.pdf\">DE BIASI, Mar\u00eda Silvina<\/a> (FCAG-UNLP-IALP-CONICET)<\/p>\n\n\n\n<p>DURONEA, Nicol\u00e1s Urbano (FCAG-UNLP-IALP-CONICET)<\/p>\n\n\n\n<p><a href=\"http:\/\/mac.fcaglp.unlp.edu.ar\/wp-content\/uploads\/2024\/09\/cvgabrielaelizalde-2.pdf\">ELIZALDE, Gabriela<\/a> (UTN-CONCEPCI\u00d3NdelURUGUAY)<\/p>\n\n\n\n<p>MALDONADO, Abel Sebasti\u00e1n (UNCOMAHUE-NEUQU\u00c9N)<\/p>\n\n\n\n<p><img decoding=\"async\" class=\"wp-image-134\" style=\"width: NaNpx;\" src=\"http:\/\/mac.fcaglp.unlp.edu.ar\/wp-content\/uploads\/2024\/09\/CV_NapalMiguel.pdf\" alt=\"\"><img decoding=\"async\" class=\"wp-image-135\" style=\"width: NaNpx;\" src=\"http:\/\/mac.fcaglp.unlp.edu.ar\/wp-content\/uploads\/2024\/09\/CV_NapalMiguel-1.pdf\" alt=\"\"><a href=\"http:\/\/mac.fcaglp.unlp.edu.ar\/wp-content\/uploads\/2024\/09\/CV_NapalMiguel-3.pdf\">NAPAL, Miguel \u00c1ngel<\/a><img decoding=\"async\" class=\"wp-image-136\" style=\"width: NaNpx;\" src=\"http:\/\/mac.fcaglp.unlp.edu.ar\/wp-content\/uploads\/2024\/09\/CV_NapalMiguel-2.pdf\" alt=\"\"> (UNCOMAHUE-NEUQU\u00c9N)<\/p>\n\n\n\n<p>ORELLANA, Rosa Beatr\u00edz<img decoding=\"async\" class=\"wp-image-137\" style=\"width: NaNpx;\" src=\"http:\/\/mac.fcaglp.unlp.edu.ar\/wp-content\/uploads\/2024\/09\/CV_NapalMiguel-3.pdf\" alt=\"\"> (FCAG-UNLP-IALP-CONICET)<\/p>\n\n\n\n<p><a href=\"http:\/\/mac.fcaglp.unlp.edu.ar\/wp-content\/uploads\/2024\/09\/CV-LPaiz.pdf\">PA\u00cdZ, Leonardo Gast\u00f3n<\/a><img decoding=\"async\" class=\"wp-image-115\" style=\"width: NaNpx;\" src=\"http:\/\/mac.fcaglp.unlp.edu.ar\/wp-content\/uploads\/2024\/09\/CV_Giovanni-3.pdf\" alt=\"\"> (FCAG-UNLP-IALP-CONICET)<\/p>\n\n\n\n<p><img decoding=\"async\" class=\"wp-image-107\" style=\"width: NaNpx;\" src=\"http:\/\/mac.fcaglp.unlp.edu.ar\/wp-content\/uploads\/2024\/09\/CV-LPaiz.pdf\" alt=\"\">PANEI, Jorge Alejandro<img decoding=\"async\" class=\"wp-image-112\" style=\"width: NaNpx;\" src=\"http:\/\/mac.fcaglp.unlp.edu.ar\/wp-content\/uploads\/2024\/09\/CV_Giovanni-1.pdf\" alt=\"\"> (FCAG-UNLP-IALP-CONICET)<\/p>\n\n\n\n<p><a href=\"http:\/\/mac.fcaglp.unlp.edu.ar\/wp-content\/uploads\/2024\/09\/CV_LR_2024.pdf\"><img decoding=\"async\" class=\"wp-image-106\" style=\"width: NaNpx;\" src=\"http:\/\/mac.fcaglp.unlp.edu.ar\/wp-content\/uploads\/2024\/09\/CV_LR_2024.pdf\" alt=\"\">RIZZO, Luc\u00eda<\/a> (FCAG-UNLP)<\/p>\n\n\n\n<p><img decoding=\"async\" class=\"wp-image-116\" style=\"width: NaNpx;\" src=\"http:\/\/mac.fcaglp.unlp.edu.ar\/wp-content\/uploads\/2024\/09\/CV_Giovanni-4.pdf\" alt=\"\"><a href=\"http:\/\/mac.fcaglp.unlp.edu.ar\/wp-content\/uploads\/2024\/09\/CV_Giovanni-4.pdf\">R\u00d3TTOLI, Giovanni Dai\u00e1n<\/a> (UTN-CONCEPCI\u00d3NdelURUGUAY)<\/p>\n\n\n\n<p>VIEYTES, Leticia (FaHCE-UNLP)<\/p>\n\n\n\n<p> <img decoding=\"async\" class=\"wp-image-104\" style=\"width: NaNpx;\" src=\"http:\/\/mac.fcaglp.unlp.edu.ar\/wp-content\/uploads\/2024\/09\/cv_debiasi_jul24.pdf\" alt=\"\"><\/p>\n\n\n\n<p><\/p>\n","protected":false},"excerpt":{"rendered":"<p>ARNAL, Edmundo Marcelo (FCAG-UNLP) BAUME, Gustavo Luis (FCAG-UNLP-IALP-CONICET) BRAVO, Bettina Mariel (UNCPBA-CONICET) CORTI, Mariela Alejandra (FCAG-IAR-UNLP-CONICET) DAMIA RINC\u00d3N, Camila (FCAG-UNLP) DE BIASI, Mar\u00eda Silvina (FCAG-UNLP-IALP-CONICET) DURONEA, Nicol\u00e1s Urbano (FCAG-UNLP-IALP-CONICET) ELIZALDE, Gabriela (UTN-CONCEPCI\u00d3NdelURUGUAY) MALDONADO, Abel Sebasti\u00e1n (UNCOMAHUE-NEUQU\u00c9N) NAPAL, Miguel \u00c1ngel (UNCOMAHUE-NEUQU\u00c9N) ORELLANA, Rosa Beatr\u00edz (FCAG-UNLP-IALP-CONICET) PA\u00cdZ, Leonardo Gast\u00f3n (FCAG-UNLP-IALP-CONICET) PANEI, Jorge Alejandro (FCAG-UNLP-IALP-CONICET) RIZZO, Luc\u00eda (FCAG-UNLP) &hellip; <\/p>\n<p class=\"link-more\"><a href=\"http:\/\/mac.fcaglp.unlp.edu.ar\/index.php\/integrantes\/\" class=\"more-link\">Read more<span class=\"screen-reader-text\"> &#8220;Integrantes&#8221;<\/span><\/a><\/p>\n","protected":false},"author":2,"featured_media":0,"parent":0,"menu_order":0,"comment_status":"closed","ping_status":"closed","template":"","meta":{"footnotes":""},"class_list":["post-80","page","type-page","status-publish","hentry"],"_links":{"self":[{"href":"http:\/\/mac.fcaglp.unlp.edu.ar\/index.php\/wp-json\/wp\/v2\/pages\/80","targetHints":{"allow":["GET"]}}],"collection":[{"href":"http:\/\/mac.fcaglp.unlp.edu.ar\/index.php\/wp-json\/wp\/v2\/pages"}],"about":[{"href":"http:\/\/mac.fcaglp.unlp.edu.ar\/index.php\/wp-json\/wp\/v2\/types\/page"}],"author":[{"embeddable":true,"href":"http:\/\/mac.fcaglp.unlp.edu.ar\/index.php\/wp-json\/wp\/v2\/users\/2"}],"replies":[{"embeddable":true,"href":"http:\/\/mac.fcaglp.unlp.edu.ar\/index.php\/wp-json\/wp\/v2\/comments?post=80"}],"version-history":[{"count":13,"href":"http:\/\/mac.fcaglp.unlp.edu.ar\/index.php\/wp-json\/wp\/v2\/pages\/80\/revisions"}],"predecessor-version":[{"id":207,"href":"http:\/\/mac.fcaglp.unlp.edu.ar\/index.php\/wp-json\/wp\/v2\/pages\/80\/revisions\/207"}],"wp:attachment":[{"href":"http:\/\/mac.fcaglp.unlp.edu.ar\/index.php\/wp-json\/wp\/v2\/media?parent=80"}],"curies":[{"name":"wp","href":"https:\/\/api.w.org\/{rel}","templated":true}]}}