{"id":10,"date":"2024-05-06T19:32:10","date_gmt":"2024-05-06T22:32:10","guid":{"rendered":"http:\/\/mac.fcaglp.unlp.edu.ar\/?page_id=10"},"modified":"2024-12-02T11:54:34","modified_gmt":"2024-12-02T14:54:34","slug":"homepage","status":"publish","type":"page","link":"http:\/\/mac.fcaglp.unlp.edu.ar\/","title":{"rendered":"Homepage"},"content":{"rendered":"\n<div class=\"wp-block-cover alignfull\" style=\"min-height:588px;aspect-ratio:unset;\"><span aria-hidden=\"true\" class=\"wp-block-cover__background has-background-dim-20 has-background-dim\" style=\"background-color:#5d4b59\"><\/span><img loading=\"lazy\" decoding=\"async\" width=\"500\" height=\"282\" class=\"wp-block-cover__image-background wp-image-46\" alt=\"\" src=\"http:\/\/mac.fcaglp.unlp.edu.ar\/wp-content\/uploads\/2024\/09\/n6M.gif\" data-object-fit=\"cover\"\/><div class=\"wp-block-cover__inner-container has-global-padding is-layout-constrained wp-block-cover-is-layout-constrained\">\n<p class=\"has-text-align-center has-white-color has-text-color has-max-60-font-size\" style=\"font-style:normal;font-weight:900;line-height:1.2\"><strong>Grupo EsFEra<\/strong><\/p>\n\n\n\n<p class=\"has-text-align-center has-white-color has-text-color has-medium-font-size\">Grupo de Estructruras de HI y Formaci\u00f3n Estelar Gal\u00e1ctica<\/p>\n<\/div><\/div>\n\n\n\n<div class=\"wp-block-group alignfull has-global-padding is-layout-constrained wp-block-group-is-layout-constrained\">\n<div class=\"wp-block-group has-global-padding is-layout-constrained wp-block-group-is-layout-constrained\" style=\"padding-top:var(--wp--preset--spacing--small);padding-bottom:var(--wp--preset--spacing--small)\">\n<div style=\"height:30px\" aria-hidden=\"true\" class=\"wp-block-spacer\"><\/div>\n\n\n\n<div class=\"wp-block-columns is-layout-flex wp-container-core-columns-is-layout-c375d253 wp-block-columns-is-layout-flex\">\n<div class=\"wp-block-column is-vertically-aligned-center is-layout-flow wp-block-column-is-layout-flow\">\n<p>Este grupo de trabajo est\u00e1 integrado por investigadores especializados en distintas \u00e1reas de Astronom\u00eda.<\/p>\n\n\n\n<p>El estudio de las estructuras de HI y las regiones de HII presentes en la V\u00eda L\u00e1ctea mediante el an\u00e1lisis de datos obtenidos en longitudes de onda de Radio e IR, es uno de los campos de investigaci\u00f3n de EsFEra. La formaci\u00f3n estelar que se genera en nuestra galaxia estudiada con datos IR para el an\u00e1lisis de los c\u00famulos inmersos en las nubes moleculares y con datos en las bandas B, V y R para conocer la fotometr\u00eda y astrometr\u00eda de los c\u00famulos estelares abiertos, junto a modelos te\u00f3ricos desarrollados para ello, son los otros campos de investigaci\u00f3n de EsFEra.<\/p>\n\n\n\n<div class=\"wp-block-buttons is-horizontal is-content-justification-left is-layout-flex wp-container-core-buttons-is-layout-20be11b6 wp-block-buttons-is-layout-flex\">\n<div class=\"wp-block-button\"><a class=\"wp-block-button__link wp-element-button\">Continuo de radio de una regi\u00f3n HII con formaci\u00f3n estelar gal\u00e1ctica estudiada con IR.<\/a><\/div>\n<\/div>\n\n\n\n<p><\/p>\n<\/div>\n\n\n\n<div class=\"wp-block-column is-layout-flow wp-block-column-is-layout-flow\">\n<figure class=\"wp-block-gallery has-nested-images columns-default is-cropped wp-block-gallery-1 is-layout-flex wp-block-gallery-is-layout-flex\">\n<figure class=\"wp-block-image size-large\"><img loading=\"lazy\" decoding=\"async\" width=\"936\" height=\"720\" data-id=\"202\" src=\"http:\/\/mac.fcaglp.unlp.edu.ar\/wp-content\/uploads\/2024\/12\/dbs_89_90_91_chart3.png\" alt=\"\" class=\"wp-image-202\" srcset=\"http:\/\/mac.fcaglp.unlp.edu.ar\/wp-content\/uploads\/2024\/12\/dbs_89_90_91_chart3.png 936w, http:\/\/mac.fcaglp.unlp.edu.ar\/wp-content\/uploads\/2024\/12\/dbs_89_90_91_chart3-300x231.png 300w\" sizes=\"auto, (max-width: 936px) 100vw, 936px\" \/><\/figure>\n<\/figure>\n<\/div>\n<\/div>\n\n\n\n<div style=\"height:30px\" aria-hidden=\"true\" class=\"wp-block-spacer\"><\/div>\n<\/div>\n<\/div>\n\n\n\n<div class=\"wp-block-group alignfull has-background has-global-padding is-layout-constrained wp-block-group-is-layout-constrained\" style=\"background-color:#f8f8f8\">\n<div class=\"wp-block-group has-global-padding is-layout-constrained wp-block-group-is-layout-constrained\" style=\"padding-top:var(--wp--preset--spacing--small);padding-bottom:var(--wp--preset--spacing--small)\">\n<div style=\"height:30px\" aria-hidden=\"true\" class=\"wp-block-spacer\"><\/div>\n\n\n\n<div class=\"wp-block-columns are-vertically-aligned-center is-layout-flex wp-container-core-columns-is-layout-c375d253 wp-block-columns-is-layout-flex\">\n<div class=\"wp-block-column is-vertically-aligned-center is-layout-flow wp-block-column-is-layout-flow\">\n<figure class=\"wp-block-gallery has-nested-images columns-default is-cropped wp-block-gallery-2 is-layout-flex wp-block-gallery-is-layout-flex\">\n<figure class=\"wp-block-image size-large\"><img loading=\"lazy\" decoding=\"async\" width=\"1024\" height=\"531\" data-id=\"204\" src=\"http:\/\/mac.fcaglp.unlp.edu.ar\/wp-content\/uploads\/2024\/12\/Captura-de-Pantalla-2024-12-02-a-las-11.53.04-1024x531.png\" alt=\"\" class=\"wp-image-204\" srcset=\"http:\/\/mac.fcaglp.unlp.edu.ar\/wp-content\/uploads\/2024\/12\/Captura-de-Pantalla-2024-12-02-a-las-11.53.04-1024x531.png 1024w, http:\/\/mac.fcaglp.unlp.edu.ar\/wp-content\/uploads\/2024\/12\/Captura-de-Pantalla-2024-12-02-a-las-11.53.04-300x156.png 300w, http:\/\/mac.fcaglp.unlp.edu.ar\/wp-content\/uploads\/2024\/12\/Captura-de-Pantalla-2024-12-02-a-las-11.53.04.png 1242w\" sizes=\"auto, (max-width: 1024px) 100vw, 1024px\" \/><\/figure>\n<\/figure>\n\n\n\n<h2 class=\"wp-block-heading has-medium-font-size\" style=\"text-transform:uppercase\"><\/h2>\n\n\n\n<p>Diagramas Color-Magnitud y posici\u00f3n en el estudio de una asociaci\u00f3n estelar OB pr\u00f3xima a la regi\u00f3n gal\u00e1ctica Cygnus OB2. Investigaci\u00f3n fotom\u00e9trica con datos Gaia y 2MASS de miembros estudiados con an\u00e1lisis astrom\u00e9trico Gaia.<\/p>\n<\/div>\n<\/div>\n\n\n\n<div style=\"height:30px\" aria-hidden=\"true\" class=\"wp-block-spacer\"><\/div>\n<\/div>\n<\/div>\n\n\n\n<div id=\"team\" class=\"wp-block-group has-global-padding is-layout-constrained wp-block-group-is-layout-constrained\">\n<div class=\"wp-block-group is-layout-flow wp-block-group-is-layout-flow\">\n<p class=\"has-secondary-color has-text-color has-link-color wp-elements-9ab710cf8c468622e0769e4dc7d6d8ac\"><\/p>\n\n\n\n<h2 class=\"wp-block-heading\">EDUCACI\u00d3N<\/h2>\n\n\n\n<div style=\"height:27px\" aria-hidden=\"true\" class=\"wp-block-spacer\"><\/div>\n\n\n\n<div style=\"height:0px\" aria-hidden=\"true\" class=\"wp-block-spacer\"><\/div>\n\n\n\n<div class=\"wp-block-columns is-layout-flex wp-container-core-columns-is-layout-28f84493 wp-block-columns-is-layout-flex\">\n<div class=\"wp-block-column is-style-default is-layout-flow wp-block-column-is-layout-flow\" style=\"border-style:none;border-width:0px;padding-top:0;padding-right:0;padding-bottom:0;padding-left:0\">\n<h3 class=\"wp-block-heading\">ENIGMAs &#8211; &#8220;Did\u00e1ctica de la Astronom\u00eda: Pr\u00e1ctica e Investigaci\u00f3n&#8221; &#8211; FCAG-UNLP-2024<\/h3>\n\n\n\n<figure class=\"wp-block-gallery has-nested-images columns-default is-cropped wp-block-gallery-3 is-layout-flex wp-block-gallery-is-layout-flex\">\n<figure class=\"wp-block-image size-large\"><img loading=\"lazy\" decoding=\"async\" width=\"819\" height=\"1024\" data-id=\"163\" src=\"http:\/\/mac.fcaglp.unlp.edu.ar\/wp-content\/uploads\/2024\/12\/ENIGMAs_2024-09-24_Foto-grupal-819x1024.jpg\" alt=\"\" class=\"wp-image-163\" srcset=\"http:\/\/mac.fcaglp.unlp.edu.ar\/wp-content\/uploads\/2024\/12\/ENIGMAs_2024-09-24_Foto-grupal-819x1024.jpg 819w, http:\/\/mac.fcaglp.unlp.edu.ar\/wp-content\/uploads\/2024\/12\/ENIGMAs_2024-09-24_Foto-grupal-240x300.jpg 240w, http:\/\/mac.fcaglp.unlp.edu.ar\/wp-content\/uploads\/2024\/12\/ENIGMAs_2024-09-24_Foto-grupal-2000x2501.jpg 2000w, http:\/\/mac.fcaglp.unlp.edu.ar\/wp-content\/uploads\/2024\/12\/ENIGMAs_2024-09-24_Foto-grupal-scaled.jpg 2047w\" sizes=\"auto, (max-width: 819px) 100vw, 819px\" \/><\/figure>\n<\/figure>\n<\/div>\n\n\n\n<div class=\"wp-block-column is-style-default is-layout-flow wp-block-column-is-layout-flow\" style=\"border-style:none;border-width:0px;padding-top:0;padding-right:0;padding-bottom:0;padding-left:0\">\n<h3 class=\"wp-block-heading\">NAEC<\/h3>\n\n\n\n<figure class=\"wp-block-gallery has-nested-images columns-default is-cropped wp-block-gallery-4 is-layout-flex wp-block-gallery-is-layout-flex\">\n<figure class=\"wp-block-image size-large\"><img loading=\"lazy\" decoding=\"async\" width=\"1024\" height=\"858\" data-id=\"156\" src=\"http:\/\/mac.fcaglp.unlp.edu.ar\/wp-content\/uploads\/2024\/12\/Captura-de-Pantalla-2024-12-01-a-las-17.20.19-1024x858.png\" alt=\"\" class=\"wp-image-156\" srcset=\"http:\/\/mac.fcaglp.unlp.edu.ar\/wp-content\/uploads\/2024\/12\/Captura-de-Pantalla-2024-12-01-a-las-17.20.19-1024x858.png 1024w, http:\/\/mac.fcaglp.unlp.edu.ar\/wp-content\/uploads\/2024\/12\/Captura-de-Pantalla-2024-12-01-a-las-17.20.19-300x251.png 300w, http:\/\/mac.fcaglp.unlp.edu.ar\/wp-content\/uploads\/2024\/12\/Captura-de-Pantalla-2024-12-01-a-las-17.20.19.png 1122w\" sizes=\"auto, (max-width: 1024px) 100vw, 1024px\" \/><\/figure>\n<\/figure>\n\n\n\n<p>La educaci\u00f3n en ense\u00f1anza de Astronom\u00eda desarrollada en distintos niveles escolares del pa\u00eds, es un campo de investigaci\u00f3n integrado por algunos miembros de este grupo de trabajo que constituyen la National Astronomy Education Coordinator (NAEC) vinculados a la Office of Astronomy for Education (OAE) de la International Astronomical Union (IAU).<\/p>\n<\/div>\n\n\n\n<div class=\"wp-block-column is-style-default is-layout-flow wp-block-column-is-layout-flow\" style=\"border-style:none;border-width:0px;padding-top:0;padding-right:0;padding-bottom:0;padding-left:0\">\n<h3 class=\"wp-block-heading\">Capacitaci\u00f3n NAEC en San Juan 2023<\/h3>\n\n\n\n<figure class=\"wp-block-gallery has-nested-images columns-default is-cropped wp-block-gallery-5 is-layout-flex wp-block-gallery-is-layout-flex\">\n<figure class=\"wp-block-image size-large\"><img loading=\"lazy\" decoding=\"async\" width=\"717\" height=\"1024\" data-id=\"157\" src=\"http:\/\/mac.fcaglp.unlp.edu.ar\/wp-content\/uploads\/2024\/12\/Captura-de-Pantalla-2024-12-01-a-las-17.24.17-717x1024.png\" alt=\"\" class=\"wp-image-157\" srcset=\"http:\/\/mac.fcaglp.unlp.edu.ar\/wp-content\/uploads\/2024\/12\/Captura-de-Pantalla-2024-12-01-a-las-17.24.17-717x1024.png 717w, http:\/\/mac.fcaglp.unlp.edu.ar\/wp-content\/uploads\/2024\/12\/Captura-de-Pantalla-2024-12-01-a-las-17.24.17-210x300.png 210w, http:\/\/mac.fcaglp.unlp.edu.ar\/wp-content\/uploads\/2024\/12\/Captura-de-Pantalla-2024-12-01-a-las-17.24.17.png 860w\" sizes=\"auto, (max-width: 717px) 100vw, 717px\" \/><\/figure>\n<\/figure>\n<\/div>\n<\/div>\n\n\n\n<div style=\"height:81px\" aria-hidden=\"true\" class=\"wp-block-spacer\"><\/div>\n<\/div>\n<\/div>\n\n\n\n<div class=\"wp-block-cover alignfull has-parallax is-position-center-center\" style=\"border-radius:0px\"><span aria-hidden=\"true\" class=\"wp-block-cover__background has-black-background-color has-background-dim-40 has-background-dim\"><\/span><div class=\"wp-block-cover__image-background wp-image-55 has-parallax\" style=\"background-position:50% 50%;background-image:url(http:\/\/mac.fcaglp.unlp.edu.ar\/wp-content\/uploads\/2024\/09\/via.jpg)\"><\/div><div class=\"wp-block-cover__inner-container is-layout-flow wp-block-cover-is-layout-flow\">\n<div class=\"wp-block-group has-global-padding is-layout-constrained wp-block-group-is-layout-constrained\">\n<h3 class=\"wp-block-heading has-text-align-center has-text-color has-medium-font-size\" style=\"color:#fffffa;text-transform:uppercase\"><\/h3>\n\n\n\n<div style=\"height:31px\" aria-hidden=\"true\" class=\"wp-block-spacer\"><\/div>\n\n\n\n<div class=\"wp-block-buttons is-horizontal is-content-justification-center is-layout-flex wp-container-core-buttons-is-layout-03627597 wp-block-buttons-is-layout-flex\">\n<div class=\"wp-block-button is-style-outline is-style-outline--6\"><a class=\"wp-block-button__link has-white-color has-text-color wp-element-button\" href=\"#\" style=\"border-radius:0px\">mariela@fcaglp.unlp.edu.ar<\/a><\/div>\n\n\n\n<div class=\"wp-block-button is-style-outline is-style-outline--7\"><a class=\"wp-block-button__link has-white-color has-text-color wp-element-button\" style=\"border-radius:0px\">https:\/\/mac.fcaglp.unlp.edu.ar<\/a><\/div>\n<\/div>\n<\/div>\n<\/div><\/div>\n\n\n\n<p><\/p>\n","protected":false},"excerpt":{"rendered":"<p>Este grupo de trabajo est\u00e1 integrado por investigadores especializados en distintas \u00e1reas de Astronom\u00eda. El estudio de las estructuras de HI y las regiones de HII presentes en la V\u00eda L\u00e1ctea mediante el an\u00e1lisis de datos obtenidos en longitudes de onda de Radio e IR, es uno de los campos de investigaci\u00f3n de EsFEra. La &hellip; <\/p>\n<p class=\"link-more\"><a href=\"http:\/\/mac.fcaglp.unlp.edu.ar\/\" class=\"more-link\">Read more<span class=\"screen-reader-text\"> &#8220;Homepage&#8221;<\/span><\/a><\/p>\n","protected":false},"author":2,"featured_media":0,"parent":0,"menu_order":0,"comment_status":"closed","ping_status":"closed","template":"page-templates\/homepage-no-hero.php","meta":{"footnotes":""},"class_list":["post-10","page","type-page","status-publish","hentry"],"_links":{"self":[{"href":"http:\/\/mac.fcaglp.unlp.edu.ar\/index.php\/wp-json\/wp\/v2\/pages\/10","targetHints":{"allow":["GET"]}}],"collection":[{"href":"http:\/\/mac.fcaglp.unlp.edu.ar\/index.php\/wp-json\/wp\/v2\/pages"}],"about":[{"href":"http:\/\/mac.fcaglp.unlp.edu.ar\/index.php\/wp-json\/wp\/v2\/types\/page"}],"author":[{"embeddable":true,"href":"http:\/\/mac.fcaglp.unlp.edu.ar\/index.php\/wp-json\/wp\/v2\/users\/2"}],"replies":[{"embeddable":true,"href":"http:\/\/mac.fcaglp.unlp.edu.ar\/index.php\/wp-json\/wp\/v2\/comments?post=10"}],"version-history":[{"count":21,"href":"http:\/\/mac.fcaglp.unlp.edu.ar\/index.php\/wp-json\/wp\/v2\/pages\/10\/revisions"}],"predecessor-version":[{"id":205,"href":"http:\/\/mac.fcaglp.unlp.edu.ar\/index.php\/wp-json\/wp\/v2\/pages\/10\/revisions\/205"}],"wp:attachment":[{"href":"http:\/\/mac.fcaglp.unlp.edu.ar\/index.php\/wp-json\/wp\/v2\/media?parent=10"}],"curies":[{"name":"wp","href":"https:\/\/api.w.org\/{rel}","templated":true}]}}